{"id":260,"date":"2025-10-23T12:59:19","date_gmt":"2025-10-23T10:59:19","guid":{"rendered":"https:\/\/paulaelenaramos.com\/?page_id=260"},"modified":"2026-03-26T18:16:45","modified_gmt":"2026-03-26T17:16:45","slug":"bio","status":"publish","type":"page","link":"https:\/\/paulaelenaramos.com\/es_es\/bio\/","title":{"rendered":"Bio"},"content":{"rendered":"\n<div class=\"wp-block-group has-global-padding is-layout-constrained wp-container-core-group-is-layout-bbffecac wp-block-group-is-layout-constrained\" style=\"font-size:clamp(14px, 0.875rem + ((1vw - 3.2px) * 0.198), 16px);\">\n<p class=\"wp-block-paragraph\">Originaria de Valencia, con licenciatura en ciencias sociales y m\u00e1ster en fotograf\u00eda contempor\u00e1nea, la pr\u00e1ctica art\u00edstica de Paula Elena Ramos se articula en torno a narrativas personales entendidas como expresi\u00f3n de lo colectivo. A trav\u00e9s de la fotograf\u00eda, el archivo documental, el v\u00eddeo, el dibujo, la escritura y el performance, su obra aborda tem\u00e1ticas como la muerte, la enfermedad, el cuerpo y la familia desde una mirada reflexiva y cr\u00edtica con los sistemas establecidos. Con un marcado acento en la poes\u00eda y lo trascendental.<\/p>\n\n\n\n<p class=\"wp-block-paragraph\">De forma paralela, desarrolla una labor investigadora centrada en el an\u00e1lisis de los dispositivos t\u00e9cnicos como agentes creadores de dimensiones pol\u00edticas y simb\u00f3licas que configuran el significado de la imagen.<\/p>\n\n\n\n<p class=\"wp-block-paragraph\">Su trabajo ha sido reconocido a trav\u00e9s de diversas becas y premios, donde ha sido finalista, consolidando una trayectoria interdisciplinar y conceptualmente s\u00f3lida.<\/p>\n\n\n\n<p class=\"wp-block-paragraph\"><\/p>\n\n\n\n<p class=\"wp-block-paragraph\"><em>(CV completo bajo petici\u00f3n)<\/em><\/p>\n<\/div>\n","protected":false},"excerpt":{"rendered":"<p>Originaria de Valencia, con licenciatura en ciencias sociales y m\u00e1ster en fotograf\u00eda contempor\u00e1nea, la pr\u00e1ctica art\u00edstica de Paula Elena Ramos se articula en torno a narrativas personales entendidas como expresi\u00f3n de lo colectivo. A trav\u00e9s de la fotograf\u00eda, el archivo documental, el v\u00eddeo, el dibujo, la escritura y el performance, su obra aborda tem\u00e1ticas como [&hellip;]<\/p>\n","protected":false},"author":226291810,"featured_media":0,"parent":0,"menu_order":0,"comment_status":"closed","ping_status":"closed","template":"","meta":{"_crdt_document":"{\"document\":\"AAAGzsHp6AxHPQkAmiwBAgwCAQIKAQFKFAIBAgoCQgBKAIARAQIKAkIASgC6BgECCgJCAEoAnAUBAgoBAEoAFAECCgJCAEoAVygDJwAEACcABAAnACgEJwAoBCcABwAoAycAKAMnAAcAKAMnAQQAKAEnAIcAKAMnAQQAKAEnAIcAKAMnAQQAKAEnAIcAKAMnASgBJwCHACgDJwEEACgBJ6AavRlzdGF0ZXZlcnNpb25kb2N1bWVudGRhdGVkb2N1bWVudHNsdWdkb2N1bWVudHN0YXR1c2RvY3VtZW50dGl0bGVCaW9kb2N1bWVudGNvbnRlbnQ8IS0tIHdwOmdyb3VwIHsic3R5bGUiOnsic3BhY2luZyI6eyJibG9ja0dhcCI6IjE3cHgifSwidHlwb2dyYXBoeSI6eyJmb250U2l6ZSI6IjE2cHgifX0sImxheW91dCI6eyJ0eXBlIjoiY29uc3RyYWluZWQifX0gLS0+CjxkaXYgY2xhc3M9IndwLWJsb2NrLWdyb3VwIiBzdHlsZT0iZm9udC1zaXplOjE2cHgiPjwhLS0gd3A6cGFyYWdyYXBoIC0tPgo8cD5PcmlnaW5hcmlhIGRlIFZhbGVuY2lhLCBjb24gbGljZW5jaWF0dXJhIGVuIGNpZW5jaWFzIHNvY2lhbGVzIHkgbcOhc3RlciBlbiBmb3RvZ3JhZsOtYSBjb250ZW1wb3LDoW5lYSwgbGEgcHLDoWN0aWNhIGFydMOtc3RpY2EgZGUgUGF1bGEgRWxlbmEgUmFtb3Mgc2UgYXJ0aWN1bGEgZW4gdG9ybm8gYSBuYXJyYXRpdmFzIHBlcnNvbmFsZXMgZW50ZW5kaWRhcyBjb21vIGV4cHJlc2nDs24gZGUgbG8gY29sZWN0aXZvLiBBIHRyYXbDqXMgZGUgbGEgZm90b2dyYWbDrWEsIGVsIGFyY2hpdm8gZG9jdW1lbnRhbCwgZWwgdsOtZGVvLCBlbCBkaWJ1am8sIGxhIGVzY3JpdHVyYSB5IGVsIHBlcmZvcm1hbmNlLCBzdSBvYnJhIGFib3JkYSB0ZW3DoXRpY2FzIGNvbW8gbGEgbXVlcnRlLCBsYSBlbmZlcm1lZGFkLCBlbCBjdWVycG8geSBsYSBmYW1pbGlhIGRlc2RlIHVuYSBtaXJhZGEgcmVmbGV4aXZhIHkgY3LDrXRpY2EgY29uIGxvcyBzaXN0ZW1hcyBlc3RhYmxlY2lkb3MuIENvbiB1biBtYXJjYWRvIGFjZW50byBlbiBsYSBwb2Vzw61hIHkgbG8gdHJhc2NlbmRlbnRhbC48L3A+CjwhLS0gL3dwOnBhcmFncmFwaCAtLT4KCjwhLS0gd3A6cGFyYWdyYXBoIC0tPgo8cD5EZSBmb3JtYSBwYXJhbGVsYSwgZGVzYXJyb2xsYSB1bmEgbGFib3IgaW52ZXN0aWdhZG9yYSBjZW50cmFkYSBlbiBlbCBhbsOhbGlzaXMgZGUgbG9zIGRpc3Bvc2l0aXZvcyB0w6ljbmljb3MgY29tbyBhZ2VudGVzIGNyZWFkb3JlcyBkZSBkaW1lbnNpb25lcyBwb2zDrXRpY2FzIHkgc2ltYsOzbGljYXMgcXVlIGNvbmZpZ3VyYW4gZWwgc2lnbmlmaWNhZG8gZGUgbGEgaW1hZ2VuLjwvcD4KPCEtLSAvd3A6cGFyYWdyYXBoIC0tPgoKPCEtLSB3cDpwYXJhZ3JhcGggLS0+CjxwPlN1IHRyYWJham8gaGEgc2lkbyByZWNvbm9jaWRvIGEgdHJhdsOpcyBkZSBkaXZlcnNhcyBiZWNhcyB5IHByZW1pb3MsIGRvbmRlIGhhIHNpZG8gZmluYWxpc3RhLCBjb25zb2xpZGFuZG8gdW5hIHRyYXllY3RvcmlhIGludGVyZGlzY2lwbGluYXIgeSBjb25jZXB0dWFsbWVudGUgc8OzbGlkYS48L3A+CjwhLS0gL3dwOnBhcmFncmFwaCAtLT4KCjwhLS0gd3A6cGFyYWdyYXBoIC0tPgo8cD48L3A+CjwhLS0gL3dwOnBhcmFncmFwaCAtLT4KCjwhLS0gd3A6cGFyYWdyYXBoIC0tPgo8cD48ZW0+KENWIGNvbXBsZXRvIGJham8gcGV0aWNpw7NuKTwvZW0+PC9wPgo8IS0tIC93cDpwYXJhZ3JhcGggLS0+PC9kaXY+CjwhLS0gL3dwOmdyb3VwIC0tPmRvY3VtZW50ZXhjZXJwdGRvY3VtZW50YXV0aG9yZG9jdW1lbnRmZWF0dXJlZF9tZWRpYWRvY3VtZW50Y29tbWVudF9zdGF0dXNkb2N1bWVudHBpbmdfc3RhdHVzZG9jdW1lbnR0ZW1wbGF0ZWRvY3VtZW50bWV0YWFkdmFuY2VkX3Nlb19kZXNjcmlwdGlvbmpldHBhY2tfc2VvX2h0bWxfdGl0bGVqZXRwYWNrX3Nlb19ub2luZGV4amV0cGFja19wb3N0X3dhc19ldmVyX3B1Ymxpc2hlZGZvb3Rub3Rlc2RvY3VtZW50YmxvY2tzY2xpZW50SWRpc1ZhbGlkb3JpZ2luYWxDb250ZW50bmFtZWF0dHJpYnV0ZXN0YWdOYW1lc3R5bGVsYXlvdXRUcnBDb250ZW50UmVzdHJpY3Rpb25pbm5lckJsb2Nrc2NsaWVudElkaXNWYWxpZG9yaWdpbmFsQ29udGVudG5hbWVhdHRyaWJ1dGVzY29udGVudE9yaWdpbmFyaWEgZGUgVmFsZW5jaWEsIGNvbiBsaWNlbmNpYXR1cmEgZW4gY2llbmNpYXMgc29jaWFsZXMgeSBtw6FzdGVyIGVuIGZvdG9ncmFmw61hIGNvbnRlbXBvcsOhbmVhLCBsYSBwcsOhY3RpY2EgYXJ0w61zdGljYSBkZSBQYXVsYSBFbGVuYSBSYW1vcyBzZSBhcnRpY3VsYSBlbiB0b3JubyBhIG5hcnJhdGl2YXMgcGVyc29uYWxlcyBlbnRlbmRpZGFzIGNvbW8gZXhwcmVzacOzbiBkZSBsbyBjb2xlY3Rpdm8uIEEgdHJhdsOpcyBkZSBsYSBmb3RvZ3JhZsOtYSwgZWwgYXJjaGl2byBkb2N1bWVudGFsLCBlbCB2w61kZW8sIGVsIGRpYnVqbywgbGEgZXNjcml0dXJhIHkgZWwgcGVyZm9ybWFuY2UsIHN1IG9icmEgYWJvcmRhIHRlbcOhdGljYXMgY29tbyBsYSBtdWVydGUsIGxhIGVuZmVybWVkYWQsIGVsIGN1ZXJwbyB5IGxhIGZhbWlsaWEgZGVzZGUgdW5hIG1pcmFkYSByZWZsZXhpdmEgeSBjcsOtdGljYSBjb24gbG9zIHNpc3RlbWFzIGVzdGFibGVjaWRvcy4gQ29uIHVuIG1hcmNhZG8gYWNlbnRvIGVuIGxhIHBvZXPDrWEgeSBsbyB0cmFzY2VuZGVudGFsLmRyb3BDYXBUcnBDb250ZW50UmVzdHJpY3Rpb25pbm5lckJsb2Nrc2NsaWVudElkaXNWYWxpZG9yaWdpbmFsQ29udGVudG5hbWVhdHRyaWJ1dGVzY29udGVudERlIGZvcm1hIHBhcmFsZWxhLCBkZXNhcnJvbGxhIHVuYSBsYWJvciBpbnZlc3RpZ2Fkb3JhIGNlbnRyYWRhIGVuIGVsIGFuw6FsaXNpcyBkZSBsb3MgZGlzcG9zaXRpdm9zIHTDqWNuaWNvcyBjb21vIGFnZW50ZXMgY3JlYWRvcmVzIGRlIGRpbWVuc2lvbmVzIHBvbMOtdGljYXMgeSBzaW1iw7NsaWNhcyBxdWUgY29uZmlndXJhbiBlbCBzaWduaWZpY2FkbyBkZSBsYSBpbWFnZW4uZHJvcENhcFRycENvbnRlbnRSZXN0cmljdGlvbmlubmVyQmxvY2tzY2xpZW50SWRpc1ZhbGlkb3JpZ2luYWxDb250ZW50bmFtZWF0dHJpYnV0ZXNjb250ZW50U3UgdHJhYmFqbyBoYSBzaWRvIHJlY29ub2NpZG8gYSB0cmF2w6lzIGRlIGRpdmVyc2FzIGJlY2FzIHkgcHJlbWlvcywgZG9uZGUgaGEgc2lkbyBmaW5hbGlzdGEsIGNvbnNvbGlkYW5kbyB1bmEgdHJheWVjdG9yaWEgaW50ZXJkaXNjaXBsaW5hciB5IGNvbmNlcHR1YWxtZW50ZSBzw7NsaWRhLmRyb3BDYXBUcnBDb250ZW50UmVzdHJpY3Rpb25pbm5lckJsb2Nrc2NsaWVudElkaXNWYWxpZG9yaWdpbmFsQ29udGVudG5hbWVhdHRyaWJ1dGVzY29udGVudGRyb3BDYXBUcnBDb250ZW50UmVzdHJpY3Rpb25pbm5lckJsb2Nrc2NsaWVudElkaXNWYWxpZG9yaWdpbmFsQ29udGVudG5hbWVhdHRyaWJ1dGVzY29udGVudDxlbT4oQ1YgY29tcGxldG8gYmFqbyBwZXRpY2nDs24pPC9lbT5kcm9wQ2FwVHJwQ29udGVudFJlc3RyaWN0aW9uaW5uZXJCbG9ja3MFBwgECAQIBggFAwgHhhYIBwgGCA4IDggLSAEEGBYTHwkIBggHDwQKBwUGFQsIBw8ECgeWCAcVCwgHDwQKB5MDBxULCAcPBAoHpAIHFQsIBw8ECkcAFQsIBw8ECgckBxULDwEEAAABAAAAAQYABAEAABtCAQEAQQAAQQACAEEAAgBBAAIAQQACAEEAAgACQTIBVgB9AXcTMjAyNS0xMC0yM1QxMjo1OToxOXcDYmlvdwdwdWJsaXNofaLB59cBfQB3BmNsb3NlZHcGY2xvc2VkdwB3AHcAeXl3AHckYzhjOTEyMmMtMTdhOS00MDkzLWFmNTEtY2NlOWM1ZDI3YjE0eHdBPGRpdiBjbGFzcz0id3AtYmxvY2stZ3JvdXAiIHN0eWxlPSJmb250LXNpemU6MTZweCI+CgoKCgoKCgo8L2Rpdj53CmNvcmUvZ3JvdXB3A2RpdnYCB3NwYWNpbmd2AQhibG9ja0dhcHcEMTdweAp0eXBvZ3JhcGh5dgEIZm9udFNpemV3BDE2cHh2AQR0eXBldwtjb25zdHJhaW5lZHYDEHJlc3RyaWN0aW9uX3R5cGV3B2V4Y2x1ZGUSc2VsZWN0ZWRfbGFuZ3VhZ2VzdQAKcGFuZWxfb3Blbnh3JDNhMTE4NGY3LTllMjctNDZhOS1iYzcxLTZkN2ViYmVhYmU3Ynh3qQQ8cD5PcmlnaW5hcmlhIGRlIFZhbGVuY2lhLCBjb24gbGljZW5jaWF0dXJhIGVuIGNpZW5jaWFzIHNvY2lhbGVzIHkgbcOhc3RlciBlbiBmb3RvZ3JhZsOtYSBjb250ZW1wb3LDoW5lYSwgbGEgcHLDoWN0aWNhIGFydMOtc3RpY2EgZGUgUGF1bGEgRWxlbmEgUmFtb3Mgc2UgYXJ0aWN1bGEgZW4gdG9ybm8gYSBuYXJyYXRpdmFzIHBlcnNvbmFsZXMgZW50ZW5kaWRhcyBjb21vIGV4cHJlc2nDs24gZGUgbG8gY29sZWN0aXZvLiBBIHRyYXbDqXMgZGUgbGEgZm90b2dyYWbDrWEsIGVsIGFyY2hpdm8gZG9jdW1lbnRhbCwgZWwgdsOtZGVvLCBlbCBkaWJ1am8sIGxhIGVzY3JpdHVyYSB5IGVsIHBlcmZvcm1hbmNlLCBzdSBvYnJhIGFib3JkYSB0ZW3DoXRpY2FzIGNvbW8gbGEgbXVlcnRlLCBsYSBlbmZlcm1lZGFkLCBlbCBjdWVycG8geSBsYSBmYW1pbGlhIGRlc2RlIHVuYSBtaXJhZGEgcmVmbGV4aXZhIHkgY3LDrXRpY2EgY29uIGxvcyBzaXN0ZW1hcyBlc3RhYmxlY2lkb3MuIENvbiB1biBtYXJjYWRvIGFjZW50byBlbiBsYSBwb2Vzw61hIHkgbG8gdHJhc2NlbmRlbnRhbC48L3A+dw5jb3JlL3BhcmFncmFwaHl2AxByZXN0cmljdGlvbl90eXBldwdleGNsdWRlEnNlbGVjdGVkX2xhbmd1YWdlc3UACnBhbmVsX29wZW54dyRkMTI0MmU3MC1lZjc0LTQ2NGEtOWI5NS04NjBmY2Q0OWQ3ZTV4d94BPHA+RGUgZm9ybWEgcGFyYWxlbGEsIGRlc2Fycm9sbGEgdW5hIGxhYm9yIGludmVzdGlnYWRvcmEgY2VudHJhZGEgZW4gZWwgYW7DoWxpc2lzIGRlIGxvcyBkaXNwb3NpdGl2b3MgdMOpY25pY29zIGNvbW8gYWdlbnRlcyBjcmVhZG9yZXMgZGUgZGltZW5zaW9uZXMgcG9sw610aWNhcyB5IHNpbWLDs2xpY2FzIHF1ZSBjb25maWd1cmFuIGVsIHNpZ25pZmljYWRvIGRlIGxhIGltYWdlbi48L3A+dw5jb3JlL3BhcmFncmFwaHl2AxByZXN0cmljdGlvbl90eXBldwdleGNsdWRlEnNlbGVjdGVkX2xhbmd1YWdlc3UACnBhbmVsX29wZW54dyQzZGQ5ODEzMi1kYTM0LTRiMjItYTIwOC05Y2YzYjc0M2RkNzh4d60BPHA+U3UgdHJhYmFqbyBoYSBzaWRvIHJlY29ub2NpZG8gYSB0cmF2w6lzIGRlIGRpdmVyc2FzIGJlY2FzIHkgcHJlbWlvcywgZG9uZGUgaGEgc2lkbyBmaW5hbGlzdGEsIGNvbnNvbGlkYW5kbyB1bmEgdHJheWVjdG9yaWEgaW50ZXJkaXNjaXBsaW5hciB5IGNvbmNlcHR1YWxtZW50ZSBzw7NsaWRhLjwvcD53DmNvcmUvcGFyYWdyYXBoeXYDEHJlc3RyaWN0aW9uX3R5cGV3B2V4Y2x1ZGUSc2VsZWN0ZWRfbGFuZ3VhZ2VzdQAKcGFuZWxfb3Blbnh3JDVkMGZmNDcyLWQ1MzYtNGMyYy1iNjg3LTQ3NTg3MmI2MjJkY3h3BzxwPjwvcD53DmNvcmUvcGFyYWdyYXBoeXYDEHJlc3RyaWN0aW9uX3R5cGV3B2V4Y2x1ZGUSc2VsZWN0ZWRfbGFuZ3VhZ2VzdQAKcGFuZWxfb3Blbnh3JDExNjZiMWQ4LTg3YTgtNGU5YS04NTQ0LWNjMDNmNTlkNGIyM3h3LDxwPjxlbT4oQ1YgY29tcGxldG8gYmFqbyBwZXRpY2nDs24pPC9lbT48L3A+dw5jb3JlL3BhcmFncmFwaHl2AxByZXN0cmljdGlvbl90eXBldwdleGNsdWRlEnNlbGVjdGVkX2xhbmd1YWdlc3UACnBhbmVsX29wZW54AA==\",\"updateId\":773706273}","advanced_seo_description":"","jetpack_seo_html_title":"","jetpack_seo_noindex":false,"jetpack_post_was_ever_published":false,"footnotes":""},"class_list":["post-260","page","type-page","status-publish","hentry"],"jetpack_likes_enabled":true,"jetpack_sharing_enabled":true,"jetpack_shortlink":"https:\/\/wp.me\/Pegr9f-4c","jetpack-related-posts":[],"_links":{"self":[{"href":"https:\/\/paulaelenaramos.com\/es_es\/wp-json\/wp\/v2\/pages\/260","targetHints":{"allow":["GET"]}}],"collection":[{"href":"https:\/\/paulaelenaramos.com\/es_es\/wp-json\/wp\/v2\/pages"}],"about":[{"href":"https:\/\/paulaelenaramos.com\/es_es\/wp-json\/wp\/v2\/types\/page"}],"author":[{"embeddable":true,"href":"https:\/\/paulaelenaramos.com\/es_es\/wp-json\/wp\/v2\/users\/226291810"}],"replies":[{"embeddable":true,"href":"https:\/\/paulaelenaramos.com\/es_es\/wp-json\/wp\/v2\/comments?post=260"}],"version-history":[{"count":7,"href":"https:\/\/paulaelenaramos.com\/es_es\/wp-json\/wp\/v2\/pages\/260\/revisions"}],"predecessor-version":[{"id":638,"href":"https:\/\/paulaelenaramos.com\/es_es\/wp-json\/wp\/v2\/pages\/260\/revisions\/638"}],"wp:attachment":[{"href":"https:\/\/paulaelenaramos.com\/es_es\/wp-json\/wp\/v2\/media?parent=260"}],"curies":[{"name":"wp","href":"https:\/\/api.w.org\/{rel}","templated":true}]}}