{"id":260,"date":"2025-10-23T12:59:19","date_gmt":"2025-10-23T10:59:19","guid":{"rendered":"https:\/\/paulaelenaramos.com\/?page_id=260"},"modified":"2026-04-07T19:40:59","modified_gmt":"2026-04-07T17:40:59","slug":"bio","status":"publish","type":"page","link":"https:\/\/paulaelenaramos.com\/en\/bio\/","title":{"rendered":"Bio"},"content":{"rendered":"<div class=\"wp-block-group has-global-padding is-layout-constrained wp-container-core-group-is-layout-bbffecac wp-block-group-is-layout-constrained\" style=\"font-size:clamp(14px, 0.875rem + ((1vw - 3.2px) * 0.198), 16px);\">\n<p class=\"wp-block-paragraph\">From Valencia (Spain), with a degree in Social Sciences, she began her artistic career in video and performing arts. She later obtained a Master's degree in Contemporary Photography from LENS (Madrid) and, since then, has developed an interdisciplinary practice that places photography at its center, in dialogue with video, poetic writing, archives, and performance.<\/p>\n\n\n\n<p class=\"wp-block-paragraph\">Her work addresses issues such as family, violence, and the body, articulated through a critical lens toward established systems and permeated by a constant poetic sensibility. She uses self-reference to validate subjective experience as a source of political knowledge.<\/p>\n\n\n\n<p class=\"wp-block-paragraph\">In parallel, she conducts theoretical research focused on analyzing technical devices as agents that create symbolic dimensions shaping the meaning of the image.<\/p>\n\n\n\n<p class=\"wp-block-paragraph\">Her work has been recognized through various grants and awards, such as the Baffest Festival, the Royal Photographic Society, the I Paco Casanova Photography Grant, and PHotoESPA\u00d1A Discoveries. She has exhibited and published both nationally and internationally.<\/p>\n\n\n\n<p class=\"wp-block-paragraph\"><\/p>\n\n\n\n<p class=\"wp-block-paragraph\"><em>(Full CV available upon request)<\/em><\/p>\n<\/div>","protected":false},"excerpt":{"rendered":"<p>De Valencia, con una licenciatura en Ciencias Sociales, comienza su trayectoria art\u00edstica en el \u00e1mbito del v\u00eddeo y las artes esc\u00e9nicas, posteriormente obtiene el M\u00e1ster en Fotograf\u00eda Contempor\u00e1nea de LENS (Madrid) y, desde entonces, desarrolla una pr\u00e1ctica interdisciplinar que sit\u00faa la fotograf\u00eda en el centro, en di\u00e1logo con el v\u00eddeo, la escritura po\u00e9tica, el archivo [&hellip;]<\/p>","protected":false},"author":226291810,"featured_media":0,"parent":0,"menu_order":0,"comment_status":"closed","ping_status":"closed","template":"","meta":{"_crdt_document":"{\"document\":\"AAD0B7\/g65MezsHp6AwJv+Drkx6OwenoDL\/g65MejsHp6Ay\/4OuTHs7B6egMHb\/g65MezsHp6AwNv+Drkx7OwenoDAG\/4OuTHs7B6egMKb\/g65MezsHp6Axfv+Drkx7OwenoDAW\/4OuTHo7B6egMv+Drkx7OwenoDAG\/4OuTHs7B6egMH7\/g65MezsHp6AwBv+Drkx7OwenoDAO\/4OuTHs7B6egMEb\/g65MejsHp6Ay\/4OuTHs7B6egMGb\/g65MezsHp6AwAv+Drkx6OwenoDL\/g65MejsHp6Ay\/4OuTHs7B6egMAb\/g65MezsHp6AwDv+Drkx7OwenoDFH\/4OuTHhHOwenoDAy\/4OuTHo7B6egMv+Drkx6OwenoDL\/g65MezsHp6AwTv+Drkx7OwenoDAG\/4OuTHs7B6egMA7\/g65MezsHp6AwHv+Drkx7OwenoDA+\/4OuTHo7B6egMv+Drkx7OwenoDAu\/4OuTHs7B6egMH7\/g65MejsHp6Ay\/4OuTHo7B6egMv+Drkx6OwenoDL\/g65MejsHp6Ay\/4OuTHs7B6egMFb\/g65MezsHp6AwDv+Drkx7OwenoDAu\/4OuTHs7B6egMA7\/g65MezsHp6AwHv+Drkx7OwenoDBe\/4OuTHo7B6egMv+Drkx6OwenoDL\/g65MejsHp6Ay\/4OuTHo7B6egMv+Drkx7OwenoDAe\/4OuTHs7B6egMAb\/g65MejsHp6Ay\/4OuTHs7B6egMAb\/g65MezsHp6AwLv+Drkx7OwenoDAf\/4OuTHgDOwenoDAL\/4OuTHgaOwenoDL\/g65MejsHp6Ay\/4OuTHo7B6egM\/+Drkx4DjsHp6Ay\/4OuTHo7B6egMv+Drkx6OwenoDL\/g65MezsHp6AwBv+Drkx6OwenoDL\/g65MezsHp6AwAv+Drkx7OwenoDAO\/4OuTHs7B6egMAb\/g65MezsHp6AwBv+Drkx7OwenoDAG\/4OuTHs7B6egMA\/\/g65MeAc7B6egMAb\/g65MejsHp6Ay\/4OuTHs7B6egMAf\/g65MeAo7B6egMv+Drkx7OwenoDAD\/4OuTHgHOwenoDAC\/4OuTHs7B6egMAP\/g65MeAM7B6egMAf\/g65MeEM7B6egMCb\/g65MejsHp6Ay\/4OuTHo7B6egM\/+Drkx4FjsHp6Ay\/4OuTHo7B6egMv+Drkx7OwenoDAH\/4OuTHgPOwenoDAm\/4OuTHo7B6egMv+Drkx6OwenoDP\/g65MeAc7B6egMAb\/g65MejsHp6Az\/4OuTHgmOwenoDL\/g65MezsHp6AwBv+Drkx7OwenoDAO\/4OuTHs7B6egMAb\/g65MejsHp6Ay\/4OuTHs7B6egMiAabCaIuEBIQAsYvAwCMLxyWAQIMEgYYEgIOEgQIAswylDISGAcADgrQM5Qz0DOSMxACHjAOBgQMBAYKDAMACBIEEAgC3jWiNQgMAgoDAAYEEgwICgYCBA4CBjYKDgcAAgYKBgIqBgIgFgIgFAwCDgUABggGDgMA8jm2OQYI3DkCnjnWOZg5BAIMBgkAJAIKAggiBhQK9jq+Ovo6vDoC8jq4OgwEEgkABQAC+DoCgjsEAgUAAgUBAgYKCN46FAIMmjrSOpQ6As46mDoLAAwGBBAMDgQmBgMABAIMDgYIAgYSCAQDAAcAAgQGBQALAQQKAwDsOwoCCAIOAgUAyggIEQASEAKUBwMAzgcclgECDAQCBhgKoAXeBaIF4AUCtAXyBQMACLYF8gUCCAwEBgMAvgUG\/gUIJggFAIIG\/gUOCAYCCAIGIAoIAwKWAbQEAgQQAsQFGASCAQIUBBQSAgi6BPQECrgE7AMCPAkABKwC5AICrALqAgIEArQC8AIFAAIGCAIGBAMBjAMDAAQC1AMCBQCeBNwEqgQC6gSuBOoErgEiBBAshAL+AYgCCLYi7DmWDBj8A5IO\/A0Yhh8QEvIuArwyAowBDAK6AaIFxDeeOQgWAogBtAEMBAIECi7IOrw6CCQQDtQ6GAKQOs46oDrKOp49\/juAOOYkAQIKAkIASvQRrBoC3Ay0ERK0B9gwLgIIEIoIAoAB3gUJAAKmBrwCygQIEAKIAr4BCAysAuYCBCaeAwQGlAEQ+AIWEAYIAhoSlgIUjgmaA+YpCJIGGBQDAAYDAA4GCgIQAg4DAQQCBgIKAgUACAIEAgYEHAMAGAMBBgMEBAMBBQAHAAUAAxAGAwMEAwIECAMADAIIAggCBgIEAwMIBAYCBAMABgMBBBoCBQECBgMDBgIIFgMAFBgEAwAYAwEFARADAAwUAgoIAgQMAgQCEgIFAQIKBwAZABACBDQDAAYCCAMBBAMCBAIEAwMHAAMBBAMFBQADAq4BDgIGDAQDAgYDAA0AEgQCiAIICgQGFhACCJYDiAWuAawBvAIBAgwCAQIKAQFKFAIBAgoCBAIgAhYKBgoCEAIOAwEEAgYCCgIFAAgCBAIGBBwDABgDAQYDARADBA4DAgYCBgMCBQACBgQDBQQDAAUBAgoDAAQCDgIEAwIMAgoDAggDAggSAwASAg4ECAIMAgQDAQwDAAQCCwADBQQCBwAEEAIEAwAEBgIIAwEIAwIEAwAECAQDAQYCBQAGAwYMAwAEAg4DARADAQoCCAIMAwAFAAMDBAMBBAMCDgIQBgQDAAwCBggDAA4CBAMBBA7sEABKAIARAQIKAgQDCQoDAQUAAwEFAAIHAAMEBAIEAgQDAwoEAgYCBgIGAgYIBAIGAwAGBAMEBg4KAwIEBgUAAggCCAMABgQIAwAGAgYEAwIGAwQEBgMOBgoEAwDmBgBKALoGAQIKAggDAgQDAAQDAAgCDAQCBAYIAwEGAggDBA4DAgQGBQADBAQCBAMABwAEAgYDAAQCEgIEAwMEAgQDAwQDAwkAAwAGAwEFAAMByAUASgCcBQECCgEASgAUAQIKAkIASu0DnC2IARASEAIBAQoclgECDBIGGBICDhIECAIACBIYBwAOCgAEAAIQAh4wDgYEDAQGCgwDAAgSBBAIAgAECAwCCgMABgQSDAgKBgIEDgIGNgoOBwACBgoGAioGAiAWAioKDAIOBQAGCAYOAwAABAYIAQAEAAIEAgwGCQAkAgoCCCIGFAoACAADAAAGDAQSCQAFAAIBAAwEAgUAAgUBAgYKCAAWAQEIAAMAAAsBDAYEEAwOBCYGAwAEAgwOBggCBhIIBAMABwACBAYFAAsBBAoDANpKAQeSBwgRABIQAgEBChyWAQIMBAIGGAoAAgADAAADAQgABAIIDAQGAwABAAYIJggFAAAEDggGAggCBiAKCAMClgEBAwgYBIIBAhQEFBICCAAGCgCMAQI8CQAEAAgCAAMABAIABQECBggCBgQDAQEDAwAFAAACAQACAASuASIEECwABogCCLYi7DmWDBj8AwAWGNoPAwAMAi4CEJYz0DMalDqaAgjaObI50DiMO9Y6pjrgOqY6CsA6Jrw6+DqIAaw6yjoEpjoCzjoCoDoM+jiEPJoB5C0BAAK0ERK0B9gwLpAIAwAQAoABAh7uBbYFMrwCygQIEAKIArYEAgQC5gKsAjAsBAaUARAU9gKCA+wCCKYCygKOAhwSjgmaA+QEKABEAMRaqABEAMRCRADEMEQAxAjBAsQCwQDEAcEAxAnBAcQCwQDEAMECxAjBAMQDwQDEAcEAxBDBAMQAwQDEC8ECxALBAsQAwQDEAMEAxAHBAMQAwQDEAMEAxArBAMQAwQDEBcEBxADBAcQBwQTEAcEBxBOoAMQQqABEAMQIxwAoAycBBAAoAScAxDEhACgCJwAEACcABACBAIQAgQCEAIEAhACBAIQAgQCEAIEAhACBAIQBgQCEAIEAhACBAIQAgQCEAIEAhACBAIQAgQCEAIEAhACBAIQAgQCEAIEAhAGBAIQAgQCEAIEAhAGBAIQAgQCEAIEAhACBAIQBgQCEBYEBhACBAIQAgQCEAYEAhACBAIQAgQCEAIEAhACBAIQAgQCEAoEAhAGBAIQAgQCEAIEAhACBAIQAgQCEAYEAhACBAIQBgQCEAIEAhACBAIQBgQCEAYEAhAGBAIQBgQCEAIEAhASBAIQAgQCEAIEAhACBAIQBgQCEAYEAhACBAIQAgQCEA4EAhAGBAIQCgQCEAIEAhAKBAIQAgQCEAIEAhACBAIQAgQCEAYEAhACBAIQAgQCEAIEBhACBAIQAgQCEAYEEhACBAIQCgQCEAYEAhACBAIQHgQKEAYEAhACBAIQBgQCEAIEAhACBAIQAgQCEAIEAhACBAIQCgQCEAIEAhACBAIQAgQCEAIEAhACBAIQAJwAoBCcAKAQnAAcAKAMnACgDJwAHACgDJwEEAIToASgBJwCHACgDJwEEAIR9KAEnAIcAKAMnAQQAhF4oAScAhwAoAycBKAEnAIcAKAMnAQQAKAEnhivzI3N0YXRldmVyc2lvbkxkQ1MsaW5pY2nDs3V5ZW5lw6FiaXRkdsOtZHkgbHNlY8OpaWMuUG9zcnJ0LGJ1dW5tw6FzZW5GQ21wcsOhbmFwckxFTlMoTWFkZCksZHNkZW50c2hkZXNyb2xsYW8gdW5wcmNpbnRlcmRpc2lwaW5ycSBzacO6YW90b2dmw61hbiBlbnQsZW5kw6FvZ29jb3ZkZSxhZWNydXJwb8OpaWMsIGhpdnN5cmZtblN1YmJvZHRtcyBjbW8gZm1pbGlhLHZvbGVjaWEgeSBsIGN1ZXJwbywgYXJjdWxzIGEgdHbDqXNkIHVhIG1pY3LDrXRpY2FoY2FzZW1hZXNhYmxlZGltcGdudWEgY3N0YW50IGVuc2liaWxpZGFkw6kuVXR6bGFhdXRycmVlcmVuY2EgcGF2YWlkYXJsYSBleHBlcmVjYSBzdWJqZXR2IGNtb2Z1ZW50ZSBjb25vY2l0byBwb2zDrXRpY29QYXJhbGVsYW1lbmUsIGVsaXp1bm52c3RpZ2HDs250ZcOzcmljY2VuYW5sIG7DoWxpbG9zZGlwb3N0aXZzdMOpY2NvbSBnZXRlc3EgZW5kbW5zb25lIHNtYsOzY3NxdWVmaWdyIGxnbmlmaWNhbyBkZSBsIGltYWdlbihWYWxlbmNpYU9yaWdpbmFyaWEgZGUgVmFsZW5jaWEgeSBDUyxjaXV5ZW5lw6FtYml0byBkZSB2w61kb3kgbGVzIGVzY8OpbnNvc3RyaW9ybWV0ZW9iw6FzdGVyZSBGb3RvZ2bDrUNvbnRtcHLDoWUgIExFTlMgKE1hZHJpZCkgeSwgZGRlbyxzYXJyb2xhdW5hIHByw6FjYWluZWRpY2lwbGluYXJxdXNpdMO6YSBuIGVlbnRyLGVuIGnDoWxnbyBvcG\/DqXRpY2EsIGwgYXJjaGl2byBhLjwvcD4KPCEtLS93cDpwYXJhZ3JhcGggLS0+Cgo8IS0tIHdwOnBhcmFncmFwaCAtLT4KPHA+U2ZhaWxpYXZpb2xjaXkgLGFydGljdWRzaGFpYWVzIHVuIHNlc2liaWlkZMOpdGljLlV0aWxpemFhYXVvcmVmZXJlbmNpIGEgdmFsaWRhciBsYSBleHBlcmllbmNpYSB1YmpldGl2YSBvbW8gZnV0ZSAgZSBwb8OtdGljbyB0ZcOzaWNzc3NzQ291bHR1cmNzb21lbnphLHBpZWVlbCBNZGVldGJham9jdWVzaW9uc2RleWF0YXZzYXBvciBjb25zdGFudGVjb21vIGN0b2RlIHNhYnJEZSBmb3JtIHBhZHNycm9sbGFib3IgZG9yYWRvcmVzZSBkY2xpZW50SWRpc1ZhbGlkb3JpZ2luYWxDb250ZW50bmFtZWF0dHJpYnV0ZXNjb250ZW50U3UgdHJhYmFqbyBoYSBzaWRvIHJlY29ub2NpZG8gYSB0cmF2w6lzIGRlIGRpdmVyc2FzIGJlY2FzIHkgcHJlbWlvcywgY29tbyBlbCBGZXN0aXZhbCBCYWZmZXN0LCBsYSBSZWFsIFNvY2llZGFkIEZvdG9ncsOhZmljYSwgbGEgSSBCZWNhIGRlIEZvdG9ncmFmw61hIFBhY28gQ2FzYW5vdmEgbyBkZXNjdWJyaW1pZW50b3MgUEhvdG9FU1BBw5FBLiBDb24gZXhwb3NpY2lvbmVzIHkgcHVibGljYWNpb25lcyBlbiBlbCDDoW1iaXRvIG5hY2lvbmFsIGUgaW50ZXJuYWNpb25hbC5kcm9wQ2FwVHJwQ29udGVudFJlc3RyaWN0aW9uaW5uZXJCbG9ja3NEZSBWYWxlbmNpYSAsIGNDUyAoTWFkcmlkKUQsY29udW5hIGx0dXJvbWVuemEscGllZWVsIE1kZWV0YmFqb2N1ZXNpb25zZGV5YXRhdnNhcG9yIGNvbnN0YW50ZWNvbW8gY3RvZGUgc2FickRlIGZvcm0gcGFkc3Jyb2xsYWJvciBkb3JhZG9yZXNlIGRTdSB0cmFiYWpvIGhhIHNpZG8gcmVjb25vY2lkbyBhIHRyYXbDqXMgZGUgZGl2ZXJzYXMgYmVjYXMgeSBwcmVtaW9zLCBjb21vIGVsIEZlc3RpdmFsIEJhZmZlc3QsIGxhIFJlYWwgU29jaWVkYWQgRm90b2dyw6FmaWNhLCBsYSBJIEJlY2EgZGUgRm90b2dyYWbDrWEgUGFjbyBDYXNhbm92YSBvIGRlc2N1YnJpbWllbnRvcyBQSG90b0VTUEHDkUEuIENvbiBleHBvc2ljaW9uZXMgeSBwdWJsaWNhY2lvbmVzIGVuIGVsIMOhbWJpdG8gbmFjaW9uYWwgZSBpbnRlcm5hY2lvbmFsLi9wPgo8IS0tIC93cDpwYXJhZ3JhcGggLS0+Cgo8IS0tIHdwOnBhcmFncmFwaCAtLT4KPHA+PHN0YXRldmVyc2lvbmRvY3VtZW50ZGF0ZWRvY3VtZW50c2x1Z2RvY3VtZW50c3RhdHVzZG9jdW1lbnR0aXRsZUJpb2RvY3VtZW50Y29udGVudDwhLS0gd3A6Z3JvdXAgeyJzdHlsZSI6eyJzcGFjaW5nIjp7ImJsb2NrR2FwIjoiMTdweCJ9LCJ0eXBvZ3JhcGh5Ijp7ImZvbnRTaXplIjoiMTZweCJ9fSwibGF5b3V0Ijp7InR5cGUiOiJjb25zdHJhaW5lZCJ9fSAtLT4KPGRpdiBjbGFzcz0id3AtYmxvY2stZ3JvdXAiIHN0eWxlPSJmb250LXNpemU6MTZweCI+PCEtLSB3cDpwYXJhZ3JhcGggLS0+CjxwPmUgVmFsZW5jaWEgIGljZW5jaWFhIGVuIGllbmNpYXMgb2NpYWxlcyAgcyB0cmFjdG9yaWEgYXJ0w61zdGljYSBlIGwgbGUgYXMgYXJ0aWNhIGVuIHRuICBucmFhIGVvbmFlcyBlbnRuY2VzIGRlbCBjdGkgdHJzIGUgbGEgZm90b2dyYWbDrWEgZWwgY28gZG9jbiBlbCB2w61kZW8sIGxhIGVzY3JpdHVyYSB5IGwgcGVyZm9ybWFuY2UgdSByYSBhYm9yZGEgdGVzIGNvbW8gbGEgbSwgbGEgZW5hIGVsIGN1ZXJwbyBsYWEgZGUgdW5hIG1pcmFkYSBjcsOtdGljYSBjIGxvcyBzaXN0ZW1hcyBlc3RhYmxlY2lkb3MgIHJhZCBhbmxhIHBvYSAgbCB0cmFzY2VuZGVsLjwvcD4KPCEtLSAvd3A6cGFyYWdyYXBoIC0tPgoKPCEtLSB3cDpwYXJhZ3JhcGggLS0+CjxwPmFyYWxlbGEsIGVhbGEgdW5hIGludmVzdGlnYXJhIGNlbnRyYWRhIGVuIGVsIGFuw6FsaXNpcyBkZSBsb3MgZGlzcG9zaXRpdm9zIHTDqWNuaWNvcyBjb21vIGFnZW50ZXMgY3JlYSBkaW1lbnNpb25lcyBzaW1iw7NsaWNhcyBxdWUgY29uZmlndXJhbiBlbCBzaWduaWZpY2FkbyBkZSBsYSBpbWFnZW4uPC9wPgo8IS0tIC93cDpwYXJhZ3JhcGggLS0+Cgo8IS0tIHdwOnBhcmFncmFwaCAtLT4KPHA+PC9wPgo8IS0tIC93cDpwYXJhZ3JhcGggLS0+Cgo8IS0tIHdwOnBhcmFncmFwaCAtLT4KPHA+PGVtPihDViBjb21wbGV0byBiYWpvIHBldGljacOzbik8L2VtPjwvcD4KPCEtLSAvd3A6cGFyYWdyYXBoIC0tPjwvZGl2Pgo8IS0tIC93cDpncm91cCAtLT5kb2N1bWVudGV4Y2VycHRkb2N1bWVudGF1dGhvcmRvY3VtZW50ZmVhdHVyZWRfbWVkaWFkb2N1bWVudGNvbW1lbnRfc3RhdHVzZG9jdW1lbnRwaW5nX3N0YXR1c2RvY3VtZW50dGVtcGxhdGVkb2N1bWVudG1ldGFhZHZhbmNlZF9zZW9fZGVzY3JpcHRpb25qZXRwYWNrX3Nlb19odG1sX3RpdGxlamV0cGFja19zZW9fbm9pbmRleGpldHBhY2tfcG9zdF93YXNfZXZlcl9wdWJsaXNoZWRmb290bm90ZXNkb2N1bWVudGJsb2Nrc2NsaWVudElkaXNWYWxpZG9yaWdpbmFsQ29udGVudG5hbWVhdHRyaWJ1dGVzdGFnTmFtZXN0eWxlbGF5b3V0VHJwQ29udGVudFJlc3RyaWN0aW9uaW5uZXJCbG9ja3NjbGllbnRJZGlzVmFsaWRvcmlnaW5hbENvbnRlbnRuYW1lYXR0cmlidXRlc2NvbnRlbnRPcmlnaW5hcmlhIGRlIFZhbGVuY2lhLCBjb24gbGljZW5jaWF0dXJhIGVuIGNpZW5jaWFzIHNvY2lhbGVzIHkgbcOhc3RlciBlbiBmb3RvZ3JhZsOtYSBjb250ZW1wb3LDoW5lYSwgbGEgcHLDoWN0aWNhIGFydMOtc3RpY2EgZGUgUGF1bGEgRWxlbmEgUmFtb3Mgc2UgYXJ0aWN1bGEgZW4gdG9ybm8gYSBuYXJyYXRpdmFzIHBlcnNvbmFsZXMgZW50ZW5kaWRhcyBjb21vIGV4cHJlc2nDs24gZGUgbG8gY29sZWN0aXZvLiBBIHRyYXbDqXMgZGUgbGEgZm90b2dyYWbDrWEsIGVsIGFyY2hpdm8gZG9jdW1lbnRhbCwgZWwgdsOtZGVvLCBlbCBkaWJ1am8sIGxhIGVzY3JpdHVyYSB5IGVsIHBlcmZvcm1hbmNlLCBzdSBvYnJhIGFib3JkYSB0ZW3DoXRpY2FzIGNvbW8gbGEgbXVlcnRlLCBsYSBlbmZlcm1lZGFkLCBlbCBjdWVycG8geSBsYSBmYW1pbGlhIGRlc2RlIHVuYSBtaXJhZGEgcmVmbGV4aXZhIHkgY3LDrXRpY2EgY29uIGxvcyBzaXN0ZW1hcyBlc3RhYmxlY2lkb3MuIENvbiB1biBtYXJjYWRvIGFjZW50byBlbiBsYSBwb2Vzw61hIHkgbG8gdHJhc2NlbmRlbnRhbC5kcm9wQ2FwVHJwQ29udGVudFJlc3RyaWN0aW9uaW5uZXJCbG9ja3NjbGllbnRJZGlzVmFsaWRvcmlnaW5hbENvbnRlbnRuYW1lYXR0cmlidXRlc2NvbnRlbnREZSBmb3JtYSBwYXJhbGVsYSwgZGVzYXJyb2xsYSB1bmEgbGFib3IgaW52ZXN0aWdhZG9yYSBjZW50cmFkYSBlbiBlbCBhbsOhbGlzaXMgZGUgbG9zIGRpc3Bvc2l0aXZvcyB0w6ljbmljb3MgY29tbyBhZ2VudGVzIGNyZWFkb3JlcyBkZSBkaW1lbnNpb25lcyBwb2zDrXRpY2FzIHkgc2ltYsOzbGljYXMgcXVlIGNvbmZpZ3VyYW4gZWwgc2lnbmlmaWNhZG8gZGUgbGEgaW1hZ2VuLmRyb3BDYXBUcnBDb250ZW50UmVzdHJpY3Rpb25pbm5lckJsb2Nrc2NsaWVudElkaXNWYWxpZG9yaWdpbmFsQ29udGVudG5hbWVhdHRyaWJ1dGVzY29udGVudFN1IHRyYWJham8gaGEgc2lkbyByZWNvbm9jaWRvIGEgdHJhdsOpcyBkZSBkaXZlcnNhcyBiZWNhcyB5IHByZW1pb3MsIGRvbmRlIGhhIHNpZG8gZmluYWxpc3RhLCBjb25zb2xpZGFuZG8gdW5hIHRyYXllY3RvcmlhIGludGVyZGlzY2lwbGluYXIgeSBjb25jZXB0dWFsbWVudGUgc8OzbGlkYS5kcm9wQ2FwVHJwQ29udGVudFJlc3RyaWN0aW9uaW5uZXJCbG9ja3NjbGllbnRJZGlzVmFsaWRvcmlnaW5hbENvbnRlbnRuYW1lYXR0cmlidXRlc2NvbnRlbnRkcm9wQ2FwVHJwQ29udGVudFJlc3RyaWN0aW9uaW5uZXJCbG9ja3NjbGllbnRJZGlzVmFsaWRvcmlnaW5hbENvbnRlbnRuYW1lYXR0cmlidXRlc2NvbnRlbnQ8ZW0+KENWIGNvbXBsZXRvIGJham8gcGV0aWNpw7NuKTwvZW0+ZHJvcENhcFRycENvbnRlbnRSZXN0cmljdGlvbmlubmVyQmxvY2tzBQdBAwNBAgJBAQMBQwBBAEIAQQACQQcCQQICA0EBRAACQQADAkEAAwUBAwIBCEIAQQADAgRDAAIBAkEAAwIBAkEBQgADQgADQQACQQACAQJBAUMAAQYBQwEMAwIBQgBBAAIEB0ECAwIEAQMCAQJBAARBAApBAAIBAkMABQJBAAIECEEACAFCAAcFAQIJQQAGAwECQQBCAQUCBgNBAAIEAwJDAAEDAkEAAgNBBAIDAgNBAEMAQQEHBgcJBQEEAQcBQgFBBAJBAAkEAQMIAQMGQgAFAQYCBEIAQQATAkEABQIHQgABAggCBgMEAUMBAQkBCEEACi0CRABCAAEGQQBCAEEAA0EBBAIBBAEHAQIBCUEBFwkGA0EAAwUEAkEGA0EAAgRBAAIBBAJBAEQAQwABQgBBAAMKBUMBAQcDQQADAQYEBQMIBw8ECgeIBAcVSwABAkEBCUEAAwUDAgRBAAIBBAJBAEQAQwABQgBBAAMKBUMBAQcDQQADAQYEBQOIBDYFBwgECAQIBggFAwgHiQMKQQAHBQgHQQMCQQACAQxBBgIDAkEQAgRBAwJBAQJBAwINQgBBBQsBDAIBDAFCAAhBAAoBBAECQQAJAQIBAwwIARpBAQJBAwNBAAJBBEIAATcBBgJBAQYJAYQBBAILAasBN5cBCAcIBggOCA4IC0gBBBgWEx8JCAYIBw8ECgcFBhULCAcPBAoHAgEQAQsFAwUBCAEHQQECAQMBBQFCAAQBAgEDAg5BAAxBAQNBAQhBBAdBAgMBA0ECQgABAwJBBQJBAEIBAQVBAAIBBwECQQIGAQVBAgRBAgQJQQAJAQcCBAEGAQJBAQZBAAIBRQBBBQIBQwACCAECQQACAwEEQQEEQQICQQACBAJBAQMBQgADQQYGQQACAQdBAQhBAQUBBAEGQQBCAEEDAkEBAkECBwEIAwJBAAYBAwRBAAcBAkEBAgcBBxULCAcPBAoHAkEJBUEBQgBBAUIAAUMAQQQCAQIBAkEDBQIBAwEDAQMBAwQCAQNBAAMCQQQDBwVBAgIDQgABBAEEQQADAgRBAAMBAwJBAgNBBAIDQQ4DBQJBAQcVCwgHDwQKBwRBAgJBAAJBAAQBBgIBAgMEQQEDAQRBBAdBAgIDQgBBBAIBAkEAQwACAQNBAAIBCQECQQMCAQJBAwJBA0QAQQADQQFCAEECBxULCAcPBApHABULCAcPBAoHJAcVCxMBAAAJAQQAAAEAAAABBgAEAQAAH0EAAgBCAQEAQQAAQQACAEEAAgBBAAIAQQACAEEAAgCBAUEDA0ECQgABQwABAgECAwJBAUIAAQNBAEIABUEBBQECRABBCwwBAwEDQQECAwUCBAIDDkEAA0EAAgECAwJBBANBAAJBAAZEAANBAAQDAgNBAAJDAAQBCkEBAgYFBkIBBQMMAgEDBEECAgECQQADQQMHA0EAAwEGAgUDCASkAjZBLgLUAwB9AXckNzExYzViMmItOThhOC00YTk1LTllZmQtNTBhODcxMzNjNWZhdyRlY2U5NGU4MC1kNzZjLTRjNzgtOWU4NS05Y2U3N2JhZTc3YWZ3JDMyYjY2ODlhLWVhMGQtNDVlNy05YjE0LTc3N2JhODY1ZTUxYXckM2RkOTgxMzItZGEzNC00YjIyLWEyMDgtOWNmM2I3NDNkZDc4eHetATxwPlN1IHRyYWJham8gaGEgc2lkbyByZWNvbm9jaWRvIGEgdHJhdsOpcyBkZSBkaXZlcnNhcyBiZWNhcyB5IHByZW1pb3MsIGRvbmRlIGhhIHNpZG8gZmluYWxpc3RhLCBjb25zb2xpZGFuZG8gdW5hIHRyYXllY3RvcmlhIGludGVyZGlzY2lwbGluYXIgeSBjb25jZXB0dWFsbWVudGUgc8OzbGlkYS48L3A+dw5jb3JlL3BhcmFncmFwaHl2AxByZXN0cmljdGlvbl90eXBldwdleGNsdWRlEnNlbGVjdGVkX2xhbmd1YWdlc3UACnBhbmVsX29wZW54kQYAdxMyMDI1LTEwLTIzVDEyOjU5OjE5dwNiaW93B3B1Ymxpc2h9osHn1wF9AHcGY2xvc2VkdwZjbG9zZWR3AHcAdwB5eXcAdyRjOGM5MTIyYy0xN2E5LTQwOTMtYWY1MS1jY2U5YzVkMjdiMTR4d0E8ZGl2IGNsYXNzPSJ3cC1ibG9jay1ncm91cCIgc3R5bGU9ImZvbnQtc2l6ZToxNnB4Ij4KCgoKCgoKCjwvZGl2PncKY29yZS9ncm91cHcDZGl2dgIHc3BhY2luZ3YBCGJsb2NrR2FwdwQxN3B4CnR5cG9ncmFwaHl2AQhmb250U2l6ZXcEMTZweHYBBHR5cGV3C2NvbnN0cmFpbmVkdgMQcmVzdHJpY3Rpb25fdHlwZXcHZXhjbHVkZRJzZWxlY3RlZF9sYW5ndWFnZXN1AApwYW5lbF9vcGVueHckM2ExMTg0ZjctOWUyNy00NmE5LWJjNzEtNmQ3ZWJiZWFiZTdieHepBDxwPk9yaWdpbmFyaWEgZGUgVmFsZW5jaWEsIGNvbiBsaWNlbmNpYXR1cmEgZW4gY2llbmNpYXMgc29jaWFsZXMgeSBtw6FzdGVyIGVuIGZvdG9ncmFmw61hIGNvbnRlbXBvcsOhbmVhLCBsYSBwcsOhY3RpY2EgYXJ0w61zdGljYSBkZSBQYXVsYSBFbGVuYSBSYW1vcyBzZSBhcnRpY3VsYSBlbiB0b3JubyBhIG5hcnJhdGl2YXMgcGVyc29uYWxlcyBlbnRlbmRpZGFzIGNvbW8gZXhwcmVzacOzbiBkZSBsbyBjb2xlY3Rpdm8uIEEgdHJhdsOpcyBkZSBsYSBmb3RvZ3JhZsOtYSwgZWwgYXJjaGl2byBkb2N1bWVudGFsLCBlbCB2w61kZW8sIGVsIGRpYnVqbywgbGEgZXNjcml0dXJhIHkgZWwgcGVyZm9ybWFuY2UsIHN1IG9icmEgYWJvcmRhIHRlbcOhdGljYXMgY29tbyBsYSBtdWVydGUsIGxhIGVuZmVybWVkYWQsIGVsIGN1ZXJwbyB5IGxhIGZhbWlsaWEgZGVzZGUgdW5hIG1pcmFkYSByZWZsZXhpdmEgeSBjcsOtdGljYSBjb24gbG9zIHNpc3RlbWFzIGVzdGFibGVjaWRvcy4gQ29uIHVuIG1hcmNhZG8gYWNlbnRvIGVuIGxhIHBvZXPDrWEgeSBsbyB0cmFzY2VuZGVudGFsLjwvcD53DmNvcmUvcGFyYWdyYXBoeXYDEHJlc3RyaWN0aW9uX3R5cGV3B2V4Y2x1ZGUSc2VsZWN0ZWRfbGFuZ3VhZ2VzdQAKcGFuZWxfb3Blbnh3JGQxMjQyZTcwLWVmNzQtNDY0YS05Yjk1LTg2MGZjZDQ5ZDdlNXh33gE8cD5EZSBmb3JtYSBwYXJhbGVsYSwgZGVzYXJyb2xsYSB1bmEgbGFib3IgaW52ZXN0aWdhZG9yYSBjZW50cmFkYSBlbiBlbCBhbsOhbGlzaXMgZGUgbG9zIGRpc3Bvc2l0aXZvcyB0w6ljbmljb3MgY29tbyBhZ2VudGVzIGNyZWFkb3JlcyBkZSBkaW1lbnNpb25lcyBwb2zDrXRpY2FzIHkgc2ltYsOzbGljYXMgcXVlIGNvbmZpZ3VyYW4gZWwgc2lnbmlmaWNhZG8gZGUgbGEgaW1hZ2VuLjwvcD53DmNvcmUvcGFyYWdyYXBoeXYDEHJlc3RyaWN0aW9uX3R5cGV3B2V4Y2x1ZGUSc2VsZWN0ZWRfbGFuZ3VhZ2VzdQAKcGFuZWxfb3Blbnh3JDNkZDk4MTMyLWRhMzQtNGIyMi1hMjA4LTljZjNiNzQzZGQ3OHh3rQE8cD5TdSB0cmFiYWpvIGhhIHNpZG8gcmVjb25vY2lkbyBhIHRyYXbDqXMgZGUgZGl2ZXJzYXMgYmVjYXMgeSBwcmVtaW9zLCBkb25kZSBoYSBzaWRvIGZpbmFsaXN0YSwgY29uc29saWRhbmRvIHVuYSB0cmF5ZWN0b3JpYSBpbnRlcmRpc2NpcGxpbmFyIHkgY29uY2VwdHVhbG1lbnRlIHPDs2xpZGEuPC9wPncOY29yZS9wYXJhZ3JhcGh5dgMQcmVzdHJpY3Rpb25fdHlwZXcHZXhjbHVkZRJzZWxlY3RlZF9sYW5ndWFnZXN1AApwYW5lbF9vcGVueHckNWQwZmY0NzItZDUzNi00YzJjLWI2ODctNDc1ODcyYjYyMmRjeHcHPHA+PC9wPncOY29yZS9wYXJhZ3JhcGh5dgMQcmVzdHJpY3Rpb25fdHlwZXcHZXhjbHVkZRJzZWxlY3RlZF9sYW5ndWFnZXN1AApwYW5lbF9vcGVueHckMTE2NmIxZDgtODdhOC00ZTlhLTg1NDQtY2MwM2Y1OWQ0YjIzeHcsPHA+PGVtPihDViBjb21wbGV0byBiYWpvIHBldGljacOzbik8L2VtPjwvcD53DmNvcmUvcGFyYWdyYXBoeXYDEHJlc3RyaWN0aW9uX3R5cGV3B2V4Y2x1ZGUSc2VsZWN0ZWRfbGFuZ3VhZ2VzdQAKcGFuZWxfb3BlbngCv\/D1iQ87AQMBAgIAFgEFAAEBAQAMAQQFCAAIAEMABQACAAQAJgEBAx0EAwABBR4AJQcJAAcDBAEJASkBAQArDQEDAQYBAQIEAwICAB8BCwACBBgCFwIHADoBCABPBgUCAQEBAQQAAQIBACEAAQErBgEBCAwGBAQABgGFAwDO4LS0BqMCAADRAQsKAAECAQAHAgUACAAIAAEBAQIBBAEBAgMBAQECAg0BAAwAAgIBAAEAAgEBAAEBAgIFAQYBAQABAAIAAQABAgEAAQABAQMABgABBQEDAQMBAgMAAQACAwICAQECAgIADwAEAQECBQIBAwsAAQkOAA0AAQACAQwFCwQHBQEBCwECAQEEAwIMCwkBGgABAgEEAQACAAIGAQAFAgIAAgAKAjgGAQIIAAEAAQIBAAYFCQFJBAICCwcBA2ujATc1dgEBDwEKBQIFAAgACAABAQECAQQBAQIDAQEBAgINAQAMAAICAQABBwIAAQABBgEAAgIBAgMAAgEBAgIAAQABAAIBAgECAQEEAgEBBgEBAgABBQEFAwMBAAIDCQABCAEGAgMBBQEBAQABBgEBAQkDAAEAAQEBAgUHAQEBAAICBQACAwMAAgABAQQBAQABAgEBBQACAAIAAQUCAQEGAQABBwEAAQQBAwEFAQACAQMAAQEBAAEBAgABBgEHAwECBQECBAABBgEBAgACBgUAAQADAQEBAQACAAMEAQABAwIAAgEEAgMAAQACAAICAQACAAUBAQIBAgECAQIEAQECAgIDAAEAAQADCwEABAICAQEDAQMBAAMBBAABAgECAgABAAECAQABAAIEAQACAAEAAgABAAEABQYBAAUAAQADBAEAAQEBAAIAAQMBBwYDAQABAgEDAQABAAIGAQABAAICAgEDAAIBAQECAgMBAQICAQEIAQEBAAMBAQECAAEAAgABAAEABAMCAgEAAwE=\",\"updateId\":796466754}","advanced_seo_description":"","jetpack_seo_html_title":"","jetpack_seo_noindex":false,"jetpack_post_was_ever_published":false,"footnotes":""},"class_list":["post-260","page","type-page","status-publish","hentry"],"jetpack_likes_enabled":true,"jetpack_sharing_enabled":true,"jetpack_shortlink":"https:\/\/wp.me\/Pegr9f-4c","jetpack-related-posts":[],"_links":{"self":[{"href":"https:\/\/paulaelenaramos.com\/en\/wp-json\/wp\/v2\/pages\/260","targetHints":{"allow":["GET"]}}],"collection":[{"href":"https:\/\/paulaelenaramos.com\/en\/wp-json\/wp\/v2\/pages"}],"about":[{"href":"https:\/\/paulaelenaramos.com\/en\/wp-json\/wp\/v2\/types\/page"}],"author":[{"embeddable":true,"href":"https:\/\/paulaelenaramos.com\/en\/wp-json\/wp\/v2\/users\/226291810"}],"replies":[{"embeddable":true,"href":"https:\/\/paulaelenaramos.com\/en\/wp-json\/wp\/v2\/comments?post=260"}],"version-history":[{"count":10,"href":"https:\/\/paulaelenaramos.com\/en\/wp-json\/wp\/v2\/pages\/260\/revisions"}],"predecessor-version":[{"id":674,"href":"https:\/\/paulaelenaramos.com\/en\/wp-json\/wp\/v2\/pages\/260\/revisions\/674"}],"wp:attachment":[{"href":"https:\/\/paulaelenaramos.com\/en\/wp-json\/wp\/v2\/media?parent=260"}],"curies":[{"name":"wp","href":"https:\/\/api.w.org\/{rel}","templated":true}]}}